{"id":182,"date":"2022-10-10T10:29:01","date_gmt":"2022-10-10T13:29:01","guid":{"rendered":"https:\/\/diagnoseconsultoria.com.br\/?page_id=182"},"modified":"2022-10-10T15:56:55","modified_gmt":"2022-10-10T18:56:55","slug":"metodologias","status":"publish","type":"page","link":"https:\/\/diagnoseconsultoria.com.br\/?page_id=182","title":{"rendered":"Metodologias"},"content":{"rendered":"\t\t<div data-elementor-type=\"wp-page\" data-elementor-id=\"182\" class=\"elementor elementor-182\">\n\t\t\t\t\t\t\t\t\t<section class=\"elementor-section elementor-top-section elementor-element elementor-element-32f7cff9 elementor-section-content-middle elementor-section-full_width elementor-section-height-default elementor-section-height-default\" data-id=\"32f7cff9\" data-element_type=\"section\" data-settings=\"{&quot;background_background&quot;:&quot;classic&quot;}\">\n\t\t\t\t\t\t<div class=\"elementor-container elementor-column-gap-no\">\n\t\t\t\t\t<div class=\"elementor-column elementor-col-50 elementor-top-column elementor-element elementor-element-5a76147e\" data-id=\"5a76147e\" data-element_type=\"column\">\n\t\t\t<div class=\"elementor-widget-wrap elementor-element-populated\">\n\t\t\t\t\t\t\t\t<div class=\"elementor-element elementor-element-2fea2590 elementor-widget elementor-widget-text-editor\" data-id=\"2fea2590\" data-element_type=\"widget\" data-widget_type=\"text-editor.default\">\n\t\t\t\t<div class=\"elementor-widget-container\">\n\t\t\t<style>\/*! elementor - v3.7.8 - 02-10-2022 *\/\n.elementor-widget-text-editor.elementor-drop-cap-view-stacked .elementor-drop-cap{background-color:#818a91;color:#fff}.elementor-widget-text-editor.elementor-drop-cap-view-framed .elementor-drop-cap{color:#818a91;border:3px solid;background-color:transparent}.elementor-widget-text-editor:not(.elementor-drop-cap-view-default) .elementor-drop-cap{margin-top:8px}.elementor-widget-text-editor:not(.elementor-drop-cap-view-default) .elementor-drop-cap-letter{width:1em;height:1em}.elementor-widget-text-editor .elementor-drop-cap{float:left;text-align:center;line-height:1;font-size:50px}.elementor-widget-text-editor .elementor-drop-cap-letter{display:inline-block}<\/style>\t\t\t\t<p>A metodologia que utilizamos em todos os treinamentos segue os princ\u00edpios da Andragogia: ci\u00eancia que estuda as melhores praticas para orientar adultos a aprender. Desde a escolha dos instrutores at\u00e9 a concep\u00e7\u00e3o do programa, optamos por um formato que seja interessante aos participantes e garanta um aprendizado efetivo. Desenvolvemos dentro deste conceito uma programa\u00e7\u00e3o que inclui capacita\u00e7\u00e3o t\u00e9cnica, desenvolvimento comportamental, workshops, din\u00e2micas, viv\u00eancias, estudos de casos e outras atividades interativas. Tudo isto propicia um contato intenso e direto com os conte\u00fados aprendidos em um contexto diferente do dia a dia de cada participante.<\/p>\t\t\t\t\t\t<\/div>\n\t\t\t\t<\/div>\n\t\t\t\t\t<\/div>\n\t\t<\/div>\n\t\t\t\t<div class=\"elementor-column elementor-col-50 elementor-top-column elementor-element elementor-element-155767b2\" data-id=\"155767b2\" data-element_type=\"column\">\n\t\t\t<div class=\"elementor-widget-wrap elementor-element-populated\">\n\t\t\t\t\t\t\t\t<div class=\"elementor-element elementor-element-7293e0a5 elementor-invisible elementor-widget elementor-widget-image\" data-id=\"7293e0a5\" data-element_type=\"widget\" data-settings=\"{&quot;_animation&quot;:&quot;fadeIn&quot;}\" data-widget_type=\"image.default\">\n\t\t\t\t<div class=\"elementor-widget-container\">\n\t\t\t<style>\/*! elementor - v3.7.8 - 02-10-2022 *\/\n.elementor-widget-image{text-align:center}.elementor-widget-image a{display:inline-block}.elementor-widget-image a img[src$=\".svg\"]{width:48px}.elementor-widget-image img{vertical-align:middle;display:inline-block}<\/style>\t\t\t\t\t\t\t\t\t\t\t\t<img loading=\"lazy\" decoding=\"async\" width=\"1024\" height=\"768\" src=\"https:\/\/diagnoseconsultoria.com.br\/wp-content\/uploads\/2022\/10\/WhatsApp-Image-2022-10-10-at-10.46.25.jpeg\" class=\"attachment-full size-full\" alt=\"imagem de treinamento realizado por Diagnose consultoria\" srcset=\"https:\/\/diagnoseconsultoria.com.br\/wp-content\/uploads\/2022\/10\/WhatsApp-Image-2022-10-10-at-10.46.25.jpeg 1024w, https:\/\/diagnoseconsultoria.com.br\/wp-content\/uploads\/2022\/10\/WhatsApp-Image-2022-10-10-at-10.46.25-300x225.jpeg 300w, https:\/\/diagnoseconsultoria.com.br\/wp-content\/uploads\/2022\/10\/WhatsApp-Image-2022-10-10-at-10.46.25-768x576.jpeg 768w\" sizes=\"auto, (max-width: 1024px) 100vw, 1024px\" \/>\t\t\t\t\t\t\t\t\t\t\t\t\t\t\t<\/div>\n\t\t\t\t<\/div>\n\t\t\t\t\t<\/div>\n\t\t<\/div>\n\t\t\t\t\t\t\t<\/div>\n\t\t<\/section>\n\t\t\t\t<section class=\"elementor-section elementor-top-section elementor-element elementor-element-247f4796 elementor-section-content-middle elementor-section-full_width elementor-section-height-default elementor-section-height-default\" data-id=\"247f4796\" data-element_type=\"section\" data-settings=\"{&quot;background_background&quot;:&quot;classic&quot;}\">\n\t\t\t\t\t\t<div class=\"elementor-container elementor-column-gap-no\">\n\t\t\t\t\t<div class=\"elementor-column elementor-col-50 elementor-top-column elementor-element elementor-element-6c1a233\" data-id=\"6c1a233\" data-element_type=\"column\">\n\t\t\t<div class=\"elementor-widget-wrap elementor-element-populated\">\n\t\t\t\t\t\t\t\t<div class=\"elementor-element elementor-element-27ca568e elementor-widget elementor-widget-heading\" data-id=\"27ca568e\" data-element_type=\"widget\" data-widget_type=\"heading.default\">\n\t\t\t\t<div class=\"elementor-widget-container\">\n\t\t\t<style>\/*! elementor - v3.7.8 - 02-10-2022 *\/\n.elementor-heading-title{padding:0;margin:0;line-height:1}.elementor-widget-heading .elementor-heading-title[class*=elementor-size-]>a{color:inherit;font-size:inherit;line-height:inherit}.elementor-widget-heading .elementor-heading-title.elementor-size-small{font-size:15px}.elementor-widget-heading .elementor-heading-title.elementor-size-medium{font-size:19px}.elementor-widget-heading .elementor-heading-title.elementor-size-large{font-size:29px}.elementor-widget-heading .elementor-heading-title.elementor-size-xl{font-size:39px}.elementor-widget-heading .elementor-heading-title.elementor-size-xxl{font-size:59px}<\/style><h2 class=\"elementor-heading-title elementor-size-default\">Como fazemos<\/h2>\t\t<\/div>\n\t\t\t\t<\/div>\n\t\t\t\t<div class=\"elementor-element elementor-element-a2b69a5 elementor-widget elementor-widget-text-editor\" data-id=\"a2b69a5\" data-element_type=\"widget\" data-widget_type=\"text-editor.default\">\n\t\t\t\t<div class=\"elementor-widget-container\">\n\t\t\t\t\t\t\t<ul><li>Diagn\u00f3stico local<\/li><li>Estudo da necessidade e alinhamento estrat\u00e9gico<\/li><li>Elabora\u00e7\u00e3o do material de treinamento<\/li><li>Apoio na trasnsfer\u00eancia do aprendizado<\/li><li>Avalia\u00e7\u00e3o dos resultados e recomeda\u00e7\u00f5es<\/li><\/ul>\t\t\t\t\t\t<\/div>\n\t\t\t\t<\/div>\n\t\t\t\t\t<\/div>\n\t\t<\/div>\n\t\t\t\t<div class=\"elementor-column elementor-col-50 elementor-top-column elementor-element elementor-element-3f0d9\" data-id=\"3f0d9\" data-element_type=\"column\">\n\t\t\t<div class=\"elementor-widget-wrap elementor-element-populated\">\n\t\t\t\t\t\t\t\t<div class=\"elementor-element elementor-element-4734b5e8 elementor-invisible elementor-widget elementor-widget-image\" data-id=\"4734b5e8\" data-element_type=\"widget\" data-settings=\"{&quot;_animation&quot;:&quot;fadeIn&quot;}\" data-widget_type=\"image.default\">\n\t\t\t\t<div class=\"elementor-widget-container\">\n\t\t\t\t\t\t\t\t\t\t\t\t\t\t\t<img loading=\"lazy\" decoding=\"async\" width=\"768\" height=\"1024\" src=\"https:\/\/diagnoseconsultoria.com.br\/wp-content\/uploads\/2022\/10\/WhatsApp-Image-2022-10-10-at-10.52.37-768x1024.jpeg\" class=\"attachment-large size-large\" alt=\"Angela Chagas Diagnose\" srcset=\"https:\/\/diagnoseconsultoria.com.br\/wp-content\/uploads\/2022\/10\/WhatsApp-Image-2022-10-10-at-10.52.37-768x1024.jpeg 768w, https:\/\/diagnoseconsultoria.com.br\/wp-content\/uploads\/2022\/10\/WhatsApp-Image-2022-10-10-at-10.52.37-225x300.jpeg 225w, https:\/\/diagnoseconsultoria.com.br\/wp-content\/uploads\/2022\/10\/WhatsApp-Image-2022-10-10-at-10.52.37-1152x1536.jpeg 1152w, https:\/\/diagnoseconsultoria.com.br\/wp-content\/uploads\/2022\/10\/WhatsApp-Image-2022-10-10-at-10.52.37.jpeg 1200w\" sizes=\"auto, (max-width: 768px) 100vw, 768px\" \/>\t\t\t\t\t\t\t\t\t\t\t\t\t\t\t<\/div>\n\t\t\t\t<\/div>\n\t\t\t\t\t<\/div>\n\t\t<\/div>\n\t\t\t\t\t\t\t<\/div>\n\t\t<\/section>\n\t\t\t\t<section class=\"elementor-section elementor-top-section elementor-element elementor-element-3b4b98c3 elementor-section-content-middle elementor-section-full_width elementor-reverse-mobile elementor-section-height-default elementor-section-height-default\" data-id=\"3b4b98c3\" data-element_type=\"section\" data-settings=\"{&quot;background_background&quot;:&quot;classic&quot;}\">\n\t\t\t\t\t\t<div class=\"elementor-container elementor-column-gap-no\">\n\t\t\t\t\t<div class=\"elementor-column elementor-col-50 elementor-top-column elementor-element elementor-element-24d9f374\" data-id=\"24d9f374\" data-element_type=\"column\">\n\t\t\t<div class=\"elementor-widget-wrap elementor-element-populated\">\n\t\t\t\t\t\t\t\t<div class=\"elementor-element elementor-element-1328be9c elementor-invisible elementor-widget elementor-widget-image\" data-id=\"1328be9c\" data-element_type=\"widget\" data-settings=\"{&quot;_animation&quot;:&quot;fadeIn&quot;}\" data-widget_type=\"image.default\">\n\t\t\t\t<div class=\"elementor-widget-container\">\n\t\t\t\t\t\t\t\t\t\t\t\t\t\t\t<img loading=\"lazy\" decoding=\"async\" width=\"683\" height=\"1024\" src=\"https:\/\/diagnoseconsultoria.com.br\/wp-content\/uploads\/2022\/10\/pexels-rodnae-productions-7551454-683x1024.jpg\" class=\"attachment-large size-large\" alt=\"\" srcset=\"https:\/\/diagnoseconsultoria.com.br\/wp-content\/uploads\/2022\/10\/pexels-rodnae-productions-7551454-683x1024.jpg 683w, https:\/\/diagnoseconsultoria.com.br\/wp-content\/uploads\/2022\/10\/pexels-rodnae-productions-7551454-200x300.jpg 200w, https:\/\/diagnoseconsultoria.com.br\/wp-content\/uploads\/2022\/10\/pexels-rodnae-productions-7551454-768x1152.jpg 768w, https:\/\/diagnoseconsultoria.com.br\/wp-content\/uploads\/2022\/10\/pexels-rodnae-productions-7551454-1024x1536.jpg 1024w, https:\/\/diagnoseconsultoria.com.br\/wp-content\/uploads\/2022\/10\/pexels-rodnae-productions-7551454-1365x2048.jpg 1365w, https:\/\/diagnoseconsultoria.com.br\/wp-content\/uploads\/2022\/10\/pexels-rodnae-productions-7551454-scaled.jpg 1707w\" sizes=\"auto, (max-width: 683px) 100vw, 683px\" \/>\t\t\t\t\t\t\t\t\t\t\t\t\t\t\t<\/div>\n\t\t\t\t<\/div>\n\t\t\t\t\t<\/div>\n\t\t<\/div>\n\t\t\t\t<div class=\"elementor-column elementor-col-50 elementor-top-column elementor-element elementor-element-5900a6ff\" data-id=\"5900a6ff\" data-element_type=\"column\">\n\t\t\t<div class=\"elementor-widget-wrap elementor-element-populated\">\n\t\t\t\t\t\t\t\t<div class=\"elementor-element elementor-element-27900338 elementor-widget elementor-widget-heading\" data-id=\"27900338\" data-element_type=\"widget\" data-widget_type=\"heading.default\">\n\t\t\t\t<div class=\"elementor-widget-container\">\n\t\t\t<h2 class=\"elementor-heading-title elementor-size-default\">Resultados<\/h2>\t\t<\/div>\n\t\t\t\t<\/div>\n\t\t\t\t<div class=\"elementor-element elementor-element-3d0c3925 elementor-widget elementor-widget-text-editor\" data-id=\"3d0c3925\" data-element_type=\"widget\" data-widget_type=\"text-editor.default\">\n\t\t\t\t<div class=\"elementor-widget-container\">\n\t\t\t\t\t\t\t<p>Provocar e liderar mudan\u00e7as nas organiza\u00e7\u00f5es.<\/p><p>Sensibilizar para mudan\u00e7as de atitudes e comportamentos.<\/p><p>L\u00edderar equipes, estimulando o alcance dos objetivos.<\/p><p>Desempenhar uma determinada atividade com maior conhecimento e desempenho.<\/p>\t\t\t\t\t\t<\/div>\n\t\t\t\t<\/div>\n\t\t\t\t<div class=\"elementor-element elementor-element-e209080 elementor-mobile-align-center elementor-align-center elementor-widget elementor-widget-button\" data-id=\"e209080\" data-element_type=\"widget\" data-widget_type=\"button.default\">\n\t\t\t\t<div class=\"elementor-widget-container\">\n\t\t\t\t\t<div class=\"elementor-button-wrapper\">\n\t\t\t<a href=\"https:\/\/diagnoseconsultoria.com.br\/?page_id=204\" class=\"elementor-button-link elementor-button elementor-size-sm\" role=\"button\">\n\t\t\t\t\t\t<span class=\"elementor-button-content-wrapper\">\n\t\t\t\t\t\t<span class=\"elementor-button-text\">Clique aqui e saiba mais<\/span>\n\t\t<\/span>\n\t\t\t\t\t<\/a>\n\t\t<\/div>\n\t\t\t\t<\/div>\n\t\t\t\t<\/div>\n\t\t\t\t\t<\/div>\n\t\t<\/div>\n\t\t\t\t\t\t\t<\/div>\n\t\t<\/section>\n\t\t\t\t<section class=\"elementor-section elementor-top-section elementor-element elementor-element-954da7d elementor-section-height-min-height elementor-section-content-middle elementor-section-full_width elementor-section-height-default elementor-section-items-middle\" data-id=\"954da7d\" data-element_type=\"section\" data-settings=\"{&quot;background_background&quot;:&quot;classic&quot;}\">\n\t\t\t\t\t\t<div class=\"elementor-container elementor-column-gap-no\">\n\t\t\t\t\t<div class=\"elementor-column elementor-col-100 elementor-top-column elementor-element elementor-element-1e635ce3\" data-id=\"1e635ce3\" data-element_type=\"column\">\n\t\t\t<div class=\"elementor-widget-wrap elementor-element-populated\">\n\t\t\t\t\t\t\t\t<div class=\"elementor-element elementor-element-460501d4 elementor-widget elementor-widget-heading\" data-id=\"460501d4\" data-element_type=\"widget\" data-widget_type=\"heading.default\">\n\t\t\t\t<div class=\"elementor-widget-container\">\n\t\t\t<p class=\"elementor-heading-title elementor-size-default\">Diagnose Consultoria e treinamento \/ Feito com muito amor - \u00a9 2022 All Rights Reserved.<\/p>\t\t<\/div>\n\t\t\t\t<\/div>\n\t\t\t\t\t<\/div>\n\t\t<\/div>\n\t\t\t\t\t\t\t<\/div>\n\t\t<\/section>\n\t\t\t\t\t\t\t<\/div>\n\t\t","protected":false},"excerpt":{"rendered":"<p>A metodologia que utilizamos em todos os treinamentos segue os princ\u00edpios da Andragogia: ci\u00eancia que estuda as melhores praticas para orientar adultos a aprender. Desde a escolha dos instrutores at\u00e9 a concep\u00e7\u00e3o do programa, optamos por um formato que seja interessante aos participantes e garanta um aprendizado efetivo. Desenvolvemos dentro deste conceito uma programa\u00e7\u00e3o que [&hellip;]<\/p>\n","protected":false},"author":1,"featured_media":0,"parent":51,"menu_order":0,"comment_status":"closed","ping_status":"closed","template":"","meta":{"footnotes":""},"class_list":["post-182","page","type-page","status-publish","hentry"],"_links":{"self":[{"href":"https:\/\/diagnoseconsultoria.com.br\/index.php?rest_route=\/wp\/v2\/pages\/182","targetHints":{"allow":["GET"]}}],"collection":[{"href":"https:\/\/diagnoseconsultoria.com.br\/index.php?rest_route=\/wp\/v2\/pages"}],"about":[{"href":"https:\/\/diagnoseconsultoria.com.br\/index.php?rest_route=\/wp\/v2\/types\/page"}],"author":[{"embeddable":true,"href":"https:\/\/diagnoseconsultoria.com.br\/index.php?rest_route=\/wp\/v2\/users\/1"}],"replies":[{"embeddable":true,"href":"https:\/\/diagnoseconsultoria.com.br\/index.php?rest_route=%2Fwp%2Fv2%2Fcomments&post=182"}],"version-history":[{"count":28,"href":"https:\/\/diagnoseconsultoria.com.br\/index.php?rest_route=\/wp\/v2\/pages\/182\/revisions"}],"predecessor-version":[{"id":394,"href":"https:\/\/diagnoseconsultoria.com.br\/index.php?rest_route=\/wp\/v2\/pages\/182\/revisions\/394"}],"up":[{"embeddable":true,"href":"https:\/\/diagnoseconsultoria.com.br\/index.php?rest_route=\/wp\/v2\/pages\/51"}],"wp:attachment":[{"href":"https:\/\/diagnoseconsultoria.com.br\/index.php?rest_route=%2Fwp%2Fv2%2Fmedia&parent=182"}],"curies":[{"name":"wp","href":"https:\/\/api.w.org\/{rel}","templated":true}]}}